{"id":8858,"date":"2021-12-15T09:34:01","date_gmt":"2021-12-15T08:34:01","guid":{"rendered":"https:\/\/zyntern.com\/blog\/?page_id=8858"},"modified":"2021-12-17T15:16:24","modified_gmt":"2021-12-17T14:16:24","slug":"a-nagy-palyakezdo-kutatas-2021","status":"publish","type":"page","link":"https:\/\/zyntern.com\/blog\/a-nagy-palyakezdo-kutatas-2021\/","title":{"rendered":"A Nagy P\u00e1lyakezd\u0151 Kutat\u00e1s 2021"},"content":{"rendered":"\t\t<div data-elementor-type=\"wp-page\" data-elementor-id=\"8858\" class=\"elementor elementor-8858\" data-elementor-post-type=\"page\">\n\t\t\t\t\t\t<section class=\"elementor-section elementor-top-section elementor-element elementor-element-5d687ce9 elementor-section-content-middle elementor-section-boxed elementor-section-height-default elementor-section-height-default\" data-id=\"5d687ce9\" data-element_type=\"section\" data-settings=\"{&quot;background_background&quot;:&quot;classic&quot;}\">\n\t\t\t\t\t\t\t<div class=\"elementor-background-overlay\"><\/div>\n\t\t\t\t\t\t\t<div class=\"elementor-container elementor-column-gap-no\">\n\t\t\t\t\t<div class=\"elementor-column elementor-col-100 elementor-top-column elementor-element elementor-element-1ebfe1e5\" data-id=\"1ebfe1e5\" data-element_type=\"column\">\n\t\t\t<div class=\"elementor-widget-wrap elementor-element-populated\">\n\t\t\t\t\t\t<div class=\"elementor-element elementor-element-3907fabc elementor-widget elementor-widget-heading\" data-id=\"3907fabc\" data-element_type=\"widget\" data-widget_type=\"heading.default\">\n\t\t\t\t<div class=\"elementor-widget-container\">\n\t\t\t<p class=\"elementor-heading-title elementor-size-default\">A Nagy P\u00e1lyakezd\u0151 Kutat\u00e1s<\/p>\t\t<\/div>\n\t\t\t\t<\/div>\n\t\t\t\t<div class=\"elementor-element elementor-element-dfcb0cd elementor-widget-divider--view-line elementor-widget elementor-widget-divider\" data-id=\"dfcb0cd\" data-element_type=\"widget\" data-widget_type=\"divider.default\">\n\t\t\t\t<div class=\"elementor-widget-container\">\n\t\t\t\t\t<div class=\"elementor-divider\">\n\t\t\t<span class=\"elementor-divider-separator\">\n\t\t\t\t\t\t<\/span>\n\t\t<\/div>\n\t\t\t\t<\/div>\n\t\t\t\t<\/div>\n\t\t\t\t<div class=\"elementor-element elementor-element-fc65c86 elementor-widget elementor-widget-text-editor\" data-id=\"fc65c86\" data-element_type=\"widget\" data-widget_type=\"text-editor.default\">\n\t\t\t\t<div class=\"elementor-widget-container\">\n\t\t\t\t\t\t\t<p class=\"vc_custom_heading vc_custom_1581340145996\"><b>A Zyntern.com \u00c1ll\u00e1sport\u00e1l orsz\u00e1gos munkaer\u0151piaci kutat\u00e1sa <\/b><b>2021<\/b><\/p>\t\t\t\t\t\t<\/div>\n\t\t\t\t<\/div>\n\t\t\t\t<div class=\"elementor-element elementor-element-87d023a elementor-align-center elementor-widget elementor-widget-button\" data-id=\"87d023a\" data-element_type=\"widget\" data-widget_type=\"button.default\">\n\t\t\t\t<div class=\"elementor-widget-container\">\n\t\t\t\t\t<div class=\"elementor-button-wrapper\">\n\t\t\t<a class=\"elementor-button elementor-button-link elementor-size-lg\" href=\"https:\/\/zyntern.com\/blogpalyakezdokutatas\/#kutatas\">\n\t\t\t\t\t\t<span class=\"elementor-button-content-wrapper\">\n\t\t\t\t\t\t\t\t\t<span class=\"elementor-button-text\">\u00c9rdekel<\/span>\n\t\t\t\t\t<\/span>\n\t\t\t\t\t<\/a>\n\t\t<\/div>\n\t\t\t\t<\/div>\n\t\t\t\t<\/div>\n\t\t\t\t\t<\/div>\n\t\t<\/div>\n\t\t\t\t\t<\/div>\n\t\t<\/section>\n\t\t\t\t<section class=\"elementor-section elementor-top-section elementor-element elementor-element-1e49f6d elementor-section-boxed elementor-section-height-default elementor-section-height-default\" data-id=\"1e49f6d\" data-element_type=\"section\">\n\t\t\t\t\t\t<div class=\"elementor-container elementor-column-gap-default\">\n\t\t\t\t\t<div class=\"elementor-column elementor-col-100 elementor-top-column elementor-element elementor-element-8765b5c\" data-id=\"8765b5c\" data-element_type=\"column\">\n\t\t\t<div class=\"elementor-widget-wrap elementor-element-populated\">\n\t\t\t\t\t\t<div class=\"elementor-element elementor-element-83f0a87 elementor-widget elementor-widget-menu-anchor\" data-id=\"83f0a87\" data-element_type=\"widget\" data-settings=\"{&quot;motion_fx_motion_fx_scrolling&quot;:&quot;yes&quot;,&quot;motion_fx_devices&quot;:[&quot;desktop&quot;,&quot;tablet&quot;,&quot;mobile&quot;]}\" data-widget_type=\"menu-anchor.default\">\n\t\t\t\t<div class=\"elementor-widget-container\">\n\t\t\t\t\t<div class=\"elementor-menu-anchor\" id=\"kutatas\"><\/div>\n\t\t\t\t<\/div>\n\t\t\t\t<\/div>\n\t\t\t\t<div class=\"elementor-element elementor-element-9b8c34a elementor-widget elementor-widget-heading\" data-id=\"9b8c34a\" data-element_type=\"widget\" data-widget_type=\"heading.default\">\n\t\t\t\t<div class=\"elementor-widget-container\">\n\t\t\t<h1 class=\"elementor-heading-title elementor-size-default\">T\u00f6ltsd le a  p\u00e1lyakezd\u0151k munkaer\u0151piaci ig\u00e9nyeit tartalmaz\u00f3 legfrissebb riportot!<\/h1>\t\t<\/div>\n\t\t\t\t<\/div>\n\t\t\t\t\t<\/div>\n\t\t<\/div>\n\t\t\t\t\t<\/div>\n\t\t<\/section>\n\t\t\t\t<section class=\"elementor-section elementor-top-section elementor-element elementor-element-706089e elementor-section-boxed elementor-section-height-default elementor-section-height-default\" data-id=\"706089e\" data-element_type=\"section\">\n\t\t\t\t\t\t<div class=\"elementor-container elementor-column-gap-default\">\n\t\t\t\t\t<div class=\"elementor-column elementor-col-50 elementor-top-column elementor-element elementor-element-a4af4a8\" data-id=\"a4af4a8\" data-element_type=\"column\">\n\t\t\t<div class=\"elementor-widget-wrap elementor-element-populated\">\n\t\t\t\t\t\t<div class=\"elementor-element elementor-element-15f896f elementor-widget elementor-widget-heading\" data-id=\"15f896f\" data-element_type=\"widget\" data-widget_type=\"heading.default\">\n\t\t\t\t<div class=\"elementor-widget-container\">\n\t\t\t<h1 class=\"elementor-heading-title elementor-size-default\">Legvonz\u00f3bb munkaad\u00f3k, b\u00e9rig\u00e9nyek, munkahelyv\u00e1laszt\u00e1si szempontok!<\/h1>\t\t<\/div>\n\t\t\t\t<\/div>\n\t\t\t\t<div class=\"elementor-element elementor-element-8fd10c2 elementor-widget elementor-widget-text-editor\" data-id=\"8fd10c2\" data-element_type=\"widget\" data-widget_type=\"text-editor.default\">\n\t\t\t\t<div class=\"elementor-widget-container\">\n\t\t\t\t\t\t\t<div><div class=\"c-message_kit__gutter\"><div class=\"c-message_kit__gutter__right\" role=\"presentation\" data-qa=\"message_content\"><div class=\"c-message_kit__blocks c-message_kit__blocks--rich_text\"><div class=\"c-message__message_blocks c-message__message_blocks--rich_text\"><div class=\"p-block_kit_renderer\" data-qa=\"block-kit-renderer\"><div class=\"p-block_kit_renderer__block_wrapper p-block_kit_renderer__block_wrapper--first\"><div class=\"p-rich_text_block\" dir=\"auto\"><div class=\"p-rich_text_section\"><b>A\u00a0<a class=\"c-link\" tabindex=\"-1\" href=\"http:\/\/zyntern.com\/\" target=\"_blank\" rel=\"noopener noreferrer\" data-stringify-link=\"http:\/\/Zyntern.com\" data-sk=\"tooltip_parent\" data-remove-tab-index=\"true\">Zyntern.com<\/a> \u00c1ll\u00e1sport\u00e1l id\u00e9n harmadik alkalommal v\u00e9gzett orsz\u00e1gos kutat\u00e1st<\/b>, amelynek f\u00f3kusza a fiatalok (16-28 \u00e9ves koroszt\u00e1ly) munkaer\u0151 piaci preferenci\u00e1inak vizsg\u00e1lata volt. A kutat\u00e1s 2021 m\u00e1jus\u00e1ban z\u00e1rult \u00e9s t\u00f6bb, mint <b>4000 fiatal t\u00f6lt\u00f6tte ki a 30 k\u00e9rd\u00e9ses k\u00e9rd\u0151\u00edvet.<\/b> A kutat\u00e1s k\u00e9rd\u00e9sei t\u00f6bbek k\u00f6z\u00f6tt kit\u00e9rtek a fiatalok munkahelyv\u00e1laszt\u00e1si t\u00e9nyez\u0151ire, p\u00e1lyakezd\u0151 fizet\u00e9si ig\u00e9ny\u00fckre, \u00e9s a legvonz\u00f3bb munkaad\u00f3kra.<\/div><div class=\"p-rich_text_section\">\u00a0<\/div><div class=\"p-rich_text_section\">K\u00edv\u00e1ncsi vagy a 2020-as kutat\u00e1si eredm\u00e9nyekre is? Kattints <a href=\"https:\/\/zyntern.com\/blog\/palyakezdokutatas\/\" target=\"_blank\" rel=\"noopener\">az al\u00e1bbi linkre<\/a> \u00e9s t\u00f6ltsd le tavalyi riportunkat!<\/div><div class=\"p-rich_text_section\">\u00a0<\/div><\/div><\/div><\/div><\/div><\/div><\/div><\/div><\/div>\t\t\t\t\t\t<\/div>\n\t\t\t\t<\/div>\n\t\t\t\t\t<\/div>\n\t\t<\/div>\n\t\t\t\t<div class=\"elementor-column elementor-col-50 elementor-top-column elementor-element elementor-element-45d7e4d7\" data-id=\"45d7e4d7\" data-element_type=\"column\">\n\t\t\t<div class=\"elementor-widget-wrap elementor-element-populated\">\n\t\t\t\t\t\t<div class=\"elementor-element elementor-element-6874baf elementor-widget elementor-widget-shortcode\" data-id=\"6874baf\" data-element_type=\"widget\" data-widget_type=\"shortcode.default\">\n\t\t\t\t<div class=\"elementor-widget-container\">\n\t\t\t\t\t<div class=\"elementor-shortcode\">\n<div class=\"wpcf7 no-js\" id=\"wpcf7-f8876-o1\" lang=\"hu-HU\" dir=\"ltr\">\n<div class=\"screen-reader-response\"><p role=\"status\" aria-live=\"polite\" aria-atomic=\"true\"><\/p> <ul><\/ul><\/div>\n<form action=\"\/blog\/wp-json\/wp\/v2\/pages\/8858#wpcf7-f8876-o1\" method=\"post\" class=\"wpcf7-form init\" aria-label=\"Kapcsolatfelv\u00e9teli \u0171rlap\" novalidate=\"novalidate\" data-status=\"init\">\n<div style=\"display: none;\">\n<input type=\"hidden\" name=\"_wpcf7\" value=\"8876\" \/>\n<input type=\"hidden\" name=\"_wpcf7_version\" value=\"5.7.7\" \/>\n<input type=\"hidden\" name=\"_wpcf7_locale\" value=\"hu_HU\" \/>\n<input type=\"hidden\" name=\"_wpcf7_unit_tag\" value=\"wpcf7-f8876-o1\" \/>\n<input type=\"hidden\" name=\"_wpcf7_container_post\" value=\"0\" \/>\n<input type=\"hidden\" name=\"_wpcf7_posted_data_hash\" value=\"\" \/>\n<\/div>\n<p><label> Hogy h\u00edvnak?<br \/>\n<span class=\"wpcf7-form-control-wrap\" data-name=\"your-name\"><input size=\"40\" class=\"wpcf7-form-control wpcf7-text wpcf7-validates-as-required\" aria-required=\"true\" aria-invalid=\"false\" value=\"\" type=\"text\" name=\"your-name\" \/><\/span> <\/label>\n<\/p>\n<p><label> Melyik c\u00e9g munkat\u00e1rsa vagy?<br \/>\n<span class=\"wpcf7-form-control-wrap\" data-name=\"your-subject\"><input size=\"40\" class=\"wpcf7-form-control wpcf7-text wpcf7-validates-as-required\" aria-required=\"true\" aria-invalid=\"false\" value=\"\" type=\"text\" name=\"your-subject\" \/><\/span> <\/label>\n<\/p>\n<p><label> Milyen poz\u00edci\u00f3ban dolgozol?<br \/>\n<span class=\"wpcf7-form-control-wrap\" data-name=\"your-subject\"><input size=\"40\" class=\"wpcf7-form-control wpcf7-text wpcf7-validates-as-required\" aria-required=\"true\" aria-invalid=\"false\" value=\"\" type=\"text\" name=\"your-subject\" \/><\/span> <\/label>\n<\/p>\n<p><label> Mi az e-mail c\u00edmed?<br \/>\n<span class=\"wpcf7-form-control-wrap\" data-name=\"your-email\"><input size=\"40\" class=\"wpcf7-form-control wpcf7-text wpcf7-email wpcf7-validates-as-required wpcf7-validates-as-email\" aria-required=\"true\" aria-invalid=\"false\" value=\"\" type=\"email\" name=\"your-email\" \/><\/span> <\/label>\n<\/p>\n<p><input class=\"wpcf7-form-control has-spinner wpcf7-submit\" type=\"submit\" value=\"K\u00e9rem a kutat\u00e1si riportot!\" \/>\n<\/p><div class=\"wpcf7-response-output\" aria-hidden=\"true\"><\/div>\n<\/form>\n<\/div>\n<\/div>\n\t\t\t\t<\/div>\n\t\t\t\t<\/div>\n\t\t\t\t\t<\/div>\n\t\t<\/div>\n\t\t\t\t\t<\/div>\n\t\t<\/section>\n\t\t\t\t<section class=\"elementor-section elementor-top-section elementor-element elementor-element-3e6e2e3 elementor-section-boxed elementor-section-height-default elementor-section-height-default\" data-id=\"3e6e2e3\" data-element_type=\"section\">\n\t\t\t\t\t\t<div class=\"elementor-container elementor-column-gap-default\">\n\t\t\t\t\t<div class=\"elementor-column elementor-col-50 elementor-top-column elementor-element elementor-element-2600355\" data-id=\"2600355\" data-element_type=\"column\">\n\t\t\t<div class=\"elementor-widget-wrap elementor-element-populated\">\n\t\t\t\t\t\t<div class=\"elementor-element elementor-element-5bb89a9 elementor-widget elementor-widget-image\" data-id=\"5bb89a9\" data-element_type=\"widget\" data-widget_type=\"image.default\">\n\t\t\t\t<div class=\"elementor-widget-container\">\n\t\t\t\t\t\t\t\t\t\t\t\t\t<img fetchpriority=\"high\" width=\"768\" height=\"612\" src=\"https:\/\/zyntern.com\/blog\/wp-content\/uploads\/2021\/12\/Mockup-Zyntern-screenshot-laptop-featured-jobs-768x612.png\" class=\"attachment-medium_large size-medium_large wp-image-8869\" alt=\"zyntern\" srcset=\"https:\/\/zyntern.com\/blog\/wp-content\/uploads\/2021\/12\/Mockup-Zyntern-screenshot-laptop-featured-jobs-768x612.png 768w, https:\/\/zyntern.com\/blog\/wp-content\/uploads\/2021\/12\/Mockup-Zyntern-screenshot-laptop-featured-jobs-300x239.png 300w, https:\/\/zyntern.com\/blog\/wp-content\/uploads\/2021\/12\/Mockup-Zyntern-screenshot-laptop-featured-jobs.png 1000w\" sizes=\"(max-width: 768px) 100vw, 768px\" \/>\t\t\t\t\t\t\t\t\t\t\t\t\t<\/div>\n\t\t\t\t<\/div>\n\t\t\t\t\t<\/div>\n\t\t<\/div>\n\t\t\t\t<div class=\"elementor-column elementor-col-50 elementor-top-column elementor-element elementor-element-b501d2c\" data-id=\"b501d2c\" data-element_type=\"column\">\n\t\t\t<div class=\"elementor-widget-wrap elementor-element-populated\">\n\t\t\t\t\t\t<div class=\"elementor-element elementor-element-547f25b2 elementor-widget elementor-widget-heading\" data-id=\"547f25b2\" data-element_type=\"widget\" data-widget_type=\"heading.default\">\n\t\t\t\t<div class=\"elementor-widget-container\">\n\t\t\t<h4 class=\"elementor-heading-title elementor-size-default\">Gyakornokokat vagy p\u00e1lyakezd\u0151ket toborozn\u00e1l?<\/h4>\t\t<\/div>\n\t\t\t\t<\/div>\n\t\t\t\t<div class=\"elementor-element elementor-element-4191f333 elementor-widget elementor-widget-heading\" data-id=\"4191f333\" data-element_type=\"widget\" data-widget_type=\"heading.default\">\n\t\t\t\t<div class=\"elementor-widget-container\">\n\t\t\t<h5 class=\"elementor-heading-title elementor-size-default\"><b>Regisztr\u00e1lj<\/b> a Zyntern.com-ra, <b>t\u00f6ltsd ki<\/b> C\u00e9gprofilodat, t\u00f6ltsd fel \u00e1ll\u00e1slehet\u0151s\u00e9geidet \u00e9s indulhat is a toborz\u00e1s!<\/h5>\t\t<\/div>\n\t\t\t\t<\/div>\n\t\t\t\t<div class=\"elementor-element elementor-element-896e5a6 elementor-align-right elementor-widget elementor-widget-button\" data-id=\"896e5a6\" data-element_type=\"widget\" data-widget_type=\"button.default\">\n\t\t\t\t<div class=\"elementor-widget-container\">\n\t\t\t\t\t<div class=\"elementor-button-wrapper\">\n\t\t\t<a class=\"elementor-button elementor-button-link elementor-size-md\" href=\"https:\/\/company.zyntern.com\/\">\n\t\t\t\t\t\t<span class=\"elementor-button-content-wrapper\">\n\t\t\t\t\t\t\t\t\t<span class=\"elementor-button-text\">\u00c9rdekel<\/span>\n\t\t\t\t\t<\/span>\n\t\t\t\t\t<\/a>\n\t\t<\/div>\n\t\t\t\t<\/div>\n\t\t\t\t<\/div>\n\t\t\t\t\t<\/div>\n\t\t<\/div>\n\t\t\t\t\t<\/div>\n\t\t<\/section>\n\t\t\t\t<section class=\"elementor-section elementor-top-section elementor-element elementor-element-fcfaca9 elementor-section-boxed elementor-section-height-default elementor-section-height-default\" data-id=\"fcfaca9\" data-element_type=\"section\">\n\t\t\t\t\t\t<div class=\"elementor-container elementor-column-gap-default\">\n\t\t\t\t\t<div class=\"elementor-column elementor-col-100 elementor-top-column elementor-element elementor-element-30a3406\" data-id=\"30a3406\" data-element_type=\"column\">\n\t\t\t<div class=\"elementor-widget-wrap elementor-element-populated\">\n\t\t\t\t\t\t<div class=\"elementor-element elementor-element-ddd3d4d elementor-widget elementor-widget-spacer\" data-id=\"ddd3d4d\" data-element_type=\"widget\" data-widget_type=\"spacer.default\">\n\t\t\t\t<div class=\"elementor-widget-container\">\n\t\t\t\t\t<div class=\"elementor-spacer\">\n\t\t\t<div class=\"elementor-spacer-inner\"><\/div>\n\t\t<\/div>\n\t\t\t\t<\/div>\n\t\t\t\t<\/div>\n\t\t\t\t\t<\/div>\n\t\t<\/div>\n\t\t\t\t\t<\/div>\n\t\t<\/section>\n\t\t\t\t<\/div>\n\t\t","protected":false},"excerpt":{"rendered":"<p>A Nagy P\u00e1lyakezd\u0151 Kutat\u00e1s A Zyntern.com \u00c1ll\u00e1sport\u00e1l orsz\u00e1gos munkaer\u0151piaci kutat\u00e1sa 2021 \u00c9rdekel T\u00f6ltsd le a p\u00e1lyakezd\u0151k munkaer\u0151piaci ig\u00e9nyeit tartalmaz\u00f3 legfrissebb riportot! Legvonz\u00f3bb munkaad\u00f3k, b\u00e9rig\u00e9nyek, munkahelyv\u00e1laszt\u00e1si szempontok! A\u00a0Zyntern.com \u00c1ll\u00e1sport\u00e1l id\u00e9n harmadik alkalommal v\u00e9gzett orsz\u00e1gos kutat\u00e1st, amelynek f\u00f3kusza a fiatalok (16-28 \u00e9ves koroszt\u00e1ly) munkaer\u0151 piaci preferenci\u00e1inak vizsg\u00e1lata volt. A kutat\u00e1s 2021 m\u00e1jus\u00e1ban z\u00e1rult \u00e9s t\u00f6bb, mint 4000 [&hellip;]<\/p>\n","protected":false},"author":4,"featured_media":8883,"parent":0,"menu_order":7,"comment_status":"closed","ping_status":"closed","template":"","meta":[],"yoast_head":"<!-- This site is optimized with the Yoast SEO plugin v20.6 - https:\/\/yoast.com\/wordpress\/plugins\/seo\/ -->\n<title>A Nagy P\u00e1lyakezd\u0151 Kutat\u00e1s 2021 | Zyntern.com \u00c1ll\u00e1sport\u00e1l<\/title>\n<meta name=\"description\" content=\"A Zyntern \u00c1ll\u00e1sport\u00e1l id\u00e9n 3. alkalommal v\u00e9gzett orsz\u00e1gos p\u00e1lyakezd\u0151 kutat\u00e1st, ahol a fiatalok munkaer\u0151piaci preferenci\u00e1i ker\u00fcltek f\u00f3kuszba.\" \/>\n<meta name=\"robots\" content=\"index, follow, max-snippet:-1, max-image-preview:large, max-video-preview:-1\" \/>\n<link rel=\"canonical\" href=\"https:\/\/zyntern.com\/blog\/a-nagy-palyakezdo-kutatas-2021\/\" \/>\n<meta property=\"og:locale\" content=\"hu_HU\" \/>\n<meta property=\"og:type\" content=\"article\" \/>\n<meta property=\"og:title\" content=\"A Nagy P\u00e1lyakezd\u0151 Kutat\u00e1s 2021 | Zyntern.com \u00c1ll\u00e1sport\u00e1l\" \/>\n<meta property=\"og:description\" content=\"A Zyntern \u00c1ll\u00e1sport\u00e1l id\u00e9n 3. alkalommal v\u00e9gzett orsz\u00e1gos p\u00e1lyakezd\u0151 kutat\u00e1st, ahol a fiatalok munkaer\u0151piaci preferenci\u00e1i ker\u00fcltek f\u00f3kuszba.\" \/>\n<meta property=\"og:url\" content=\"https:\/\/zyntern.com\/blog\/a-nagy-palyakezdo-kutatas-2021\/\" \/>\n<meta property=\"og:site_name\" content=\"Zyntern.com Blog\" \/>\n<meta property=\"article:publisher\" content=\"https:\/\/www.facebook.com\/zyntern\" \/>\n<meta property=\"article:modified_time\" content=\"2021-12-17T14:16:24+00:00\" \/>\n<meta property=\"og:image\" content=\"https:\/\/zyntern.com\/blog\/wp-content\/uploads\/2021\/12\/borito.png\" \/>\n\t<meta property=\"og:image:width\" content=\"1600\" \/>\n\t<meta property=\"og:image:height\" content=\"900\" \/>\n\t<meta property=\"og:image:type\" content=\"image\/png\" \/>\n<meta name=\"twitter:card\" content=\"summary_large_image\" \/>\n<meta name=\"twitter:label1\" content=\"Becs\u00fclt olvas\u00e1si id\u0151\" \/>\n\t<meta name=\"twitter:data1\" content=\"1 perc\" \/>\n<script type=\"application\/ld+json\" class=\"yoast-schema-graph\">{\"@context\":\"https:\/\/schema.org\",\"@graph\":[{\"@type\":\"WebPage\",\"@id\":\"https:\/\/zyntern.com\/blog\/a-nagy-palyakezdo-kutatas-2021\/\",\"url\":\"https:\/\/zyntern.com\/blog\/a-nagy-palyakezdo-kutatas-2021\/\",\"name\":\"A Nagy P\u00e1lyakezd\u0151 Kutat\u00e1s 2021 | Zyntern.com \u00c1ll\u00e1sport\u00e1l\",\"isPartOf\":{\"@id\":\"https:\/\/zyntern.com\/blog\/#website\"},\"datePublished\":\"2021-12-15T08:34:01+00:00\",\"dateModified\":\"2021-12-17T14:16:24+00:00\",\"description\":\"A Zyntern \u00c1ll\u00e1sport\u00e1l id\u00e9n 3. alkalommal v\u00e9gzett orsz\u00e1gos p\u00e1lyakezd\u0151 kutat\u00e1st, ahol a fiatalok munkaer\u0151piaci preferenci\u00e1i ker\u00fcltek f\u00f3kuszba.\",\"breadcrumb\":{\"@id\":\"https:\/\/zyntern.com\/blog\/a-nagy-palyakezdo-kutatas-2021\/#breadcrumb\"},\"inLanguage\":\"hu\",\"potentialAction\":[{\"@type\":\"ReadAction\",\"target\":[\"https:\/\/zyntern.com\/blog\/a-nagy-palyakezdo-kutatas-2021\/\"]}]},{\"@type\":\"BreadcrumbList\",\"@id\":\"https:\/\/zyntern.com\/blog\/a-nagy-palyakezdo-kutatas-2021\/#breadcrumb\",\"itemListElement\":[{\"@type\":\"ListItem\",\"position\":1,\"name\":\"Home\",\"item\":\"https:\/\/zyntern.com\/blog\/\"},{\"@type\":\"ListItem\",\"position\":2,\"name\":\"A Nagy P\u00e1lyakezd\u0151 Kutat\u00e1s 2021\"}]},{\"@type\":\"WebSite\",\"@id\":\"https:\/\/zyntern.com\/blog\/#website\",\"url\":\"https:\/\/zyntern.com\/blog\/\",\"name\":\"Zyntern.com Blog\",\"description\":\"Tippek \u00e9s tr\u00fckk\u00f6k az \u00e1ll\u00e1skeres\u00e9sr\u00f3l minden p\u00e1lyakezd\u0151 sz\u00e1m\u00e1ra egyenesen a Zyntern.com szak\u00e9rt\u0151i csapat\u00e1t\u00f3l. K\u00e9sz\u00fclj fel vel\u00fcnk a karrierutadra!\",\"publisher\":{\"@id\":\"https:\/\/zyntern.com\/blog\/#organization\"},\"potentialAction\":[{\"@type\":\"SearchAction\",\"target\":{\"@type\":\"EntryPoint\",\"urlTemplate\":\"https:\/\/zyntern.com\/blog\/?s={search_term_string}\"},\"query-input\":\"required name=search_term_string\"}],\"inLanguage\":\"hu\"},{\"@type\":\"Organization\",\"@id\":\"https:\/\/zyntern.com\/blog\/#organization\",\"name\":\"Zyntern.com\",\"url\":\"https:\/\/zyntern.com\/blog\/\",\"logo\":{\"@type\":\"ImageObject\",\"inLanguage\":\"hu\",\"@id\":\"https:\/\/zyntern.com\/blog\/#\/schema\/logo\/image\/\",\"url\":\"https:\/\/zyntern.com\/blog\/wp-content\/uploads\/2020\/06\/ZY-BLOG-LOGO-U\u0301J-1.png\",\"contentUrl\":\"https:\/\/zyntern.com\/blog\/wp-content\/uploads\/2020\/06\/ZY-BLOG-LOGO-U\u0301J-1.png\",\"width\":1000,\"height\":300,\"caption\":\"Zyntern.com\"},\"image\":{\"@id\":\"https:\/\/zyntern.com\/blog\/#\/schema\/logo\/image\/\"},\"sameAs\":[\"https:\/\/www.facebook.com\/zyntern\",\"https:\/\/www.instagram.com\/z.y.ntern\/\",\"https:\/\/www.linkedin.com\/company\/zyntern\/\",\"https:\/\/www.youtube.com\/channel\/UCIzCOOufS8cD1x4em9BuI2g\"]}]}<\/script>\n<!-- \/ Yoast SEO plugin. -->","yoast_head_json":{"title":"A Nagy P\u00e1lyakezd\u0151 Kutat\u00e1s 2021 | Zyntern.com \u00c1ll\u00e1sport\u00e1l","description":"A Zyntern \u00c1ll\u00e1sport\u00e1l id\u00e9n 3. alkalommal v\u00e9gzett orsz\u00e1gos p\u00e1lyakezd\u0151 kutat\u00e1st, ahol a fiatalok munkaer\u0151piaci preferenci\u00e1i ker\u00fcltek f\u00f3kuszba.","robots":{"index":"index","follow":"follow","max-snippet":"max-snippet:-1","max-image-preview":"max-image-preview:large","max-video-preview":"max-video-preview:-1"},"canonical":"https:\/\/zyntern.com\/blog\/a-nagy-palyakezdo-kutatas-2021\/","og_locale":"hu_HU","og_type":"article","og_title":"A Nagy P\u00e1lyakezd\u0151 Kutat\u00e1s 2021 | Zyntern.com \u00c1ll\u00e1sport\u00e1l","og_description":"A Zyntern \u00c1ll\u00e1sport\u00e1l id\u00e9n 3. alkalommal v\u00e9gzett orsz\u00e1gos p\u00e1lyakezd\u0151 kutat\u00e1st, ahol a fiatalok munkaer\u0151piaci preferenci\u00e1i ker\u00fcltek f\u00f3kuszba.","og_url":"https:\/\/zyntern.com\/blog\/a-nagy-palyakezdo-kutatas-2021\/","og_site_name":"Zyntern.com Blog","article_publisher":"https:\/\/www.facebook.com\/zyntern","article_modified_time":"2021-12-17T14:16:24+00:00","og_image":[{"width":1600,"height":900,"url":"https:\/\/zyntern.com\/blog\/wp-content\/uploads\/2021\/12\/borito.png","type":"image\/png"}],"twitter_card":"summary_large_image","twitter_misc":{"Becs\u00fclt olvas\u00e1si id\u0151":"1 perc"},"schema":{"@context":"https:\/\/schema.org","@graph":[{"@type":"WebPage","@id":"https:\/\/zyntern.com\/blog\/a-nagy-palyakezdo-kutatas-2021\/","url":"https:\/\/zyntern.com\/blog\/a-nagy-palyakezdo-kutatas-2021\/","name":"A Nagy P\u00e1lyakezd\u0151 Kutat\u00e1s 2021 | Zyntern.com \u00c1ll\u00e1sport\u00e1l","isPartOf":{"@id":"https:\/\/zyntern.com\/blog\/#website"},"datePublished":"2021-12-15T08:34:01+00:00","dateModified":"2021-12-17T14:16:24+00:00","description":"A Zyntern \u00c1ll\u00e1sport\u00e1l id\u00e9n 3. alkalommal v\u00e9gzett orsz\u00e1gos p\u00e1lyakezd\u0151 kutat\u00e1st, ahol a fiatalok munkaer\u0151piaci preferenci\u00e1i ker\u00fcltek f\u00f3kuszba.","breadcrumb":{"@id":"https:\/\/zyntern.com\/blog\/a-nagy-palyakezdo-kutatas-2021\/#breadcrumb"},"inLanguage":"hu","potentialAction":[{"@type":"ReadAction","target":["https:\/\/zyntern.com\/blog\/a-nagy-palyakezdo-kutatas-2021\/"]}]},{"@type":"BreadcrumbList","@id":"https:\/\/zyntern.com\/blog\/a-nagy-palyakezdo-kutatas-2021\/#breadcrumb","itemListElement":[{"@type":"ListItem","position":1,"name":"Home","item":"https:\/\/zyntern.com\/blog\/"},{"@type":"ListItem","position":2,"name":"A Nagy P\u00e1lyakezd\u0151 Kutat\u00e1s 2021"}]},{"@type":"WebSite","@id":"https:\/\/zyntern.com\/blog\/#website","url":"https:\/\/zyntern.com\/blog\/","name":"Zyntern.com Blog","description":"Tippek \u00e9s tr\u00fckk\u00f6k az \u00e1ll\u00e1skeres\u00e9sr\u00f3l minden p\u00e1lyakezd\u0151 sz\u00e1m\u00e1ra egyenesen a Zyntern.com szak\u00e9rt\u0151i csapat\u00e1t\u00f3l. K\u00e9sz\u00fclj fel vel\u00fcnk a karrierutadra!","publisher":{"@id":"https:\/\/zyntern.com\/blog\/#organization"},"potentialAction":[{"@type":"SearchAction","target":{"@type":"EntryPoint","urlTemplate":"https:\/\/zyntern.com\/blog\/?s={search_term_string}"},"query-input":"required name=search_term_string"}],"inLanguage":"hu"},{"@type":"Organization","@id":"https:\/\/zyntern.com\/blog\/#organization","name":"Zyntern.com","url":"https:\/\/zyntern.com\/blog\/","logo":{"@type":"ImageObject","inLanguage":"hu","@id":"https:\/\/zyntern.com\/blog\/#\/schema\/logo\/image\/","url":"https:\/\/zyntern.com\/blog\/wp-content\/uploads\/2020\/06\/ZY-BLOG-LOGO-U\u0301J-1.png","contentUrl":"https:\/\/zyntern.com\/blog\/wp-content\/uploads\/2020\/06\/ZY-BLOG-LOGO-U\u0301J-1.png","width":1000,"height":300,"caption":"Zyntern.com"},"image":{"@id":"https:\/\/zyntern.com\/blog\/#\/schema\/logo\/image\/"},"sameAs":["https:\/\/www.facebook.com\/zyntern","https:\/\/www.instagram.com\/z.y.ntern\/","https:\/\/www.linkedin.com\/company\/zyntern\/","https:\/\/www.youtube.com\/channel\/UCIzCOOufS8cD1x4em9BuI2g"]}]}},"_links":{"self":[{"href":"https:\/\/zyntern.com\/blog\/wp-json\/wp\/v2\/pages\/8858"}],"collection":[{"href":"https:\/\/zyntern.com\/blog\/wp-json\/wp\/v2\/pages"}],"about":[{"href":"https:\/\/zyntern.com\/blog\/wp-json\/wp\/v2\/types\/page"}],"author":[{"embeddable":true,"href":"https:\/\/zyntern.com\/blog\/wp-json\/wp\/v2\/users\/4"}],"replies":[{"embeddable":true,"href":"https:\/\/zyntern.com\/blog\/wp-json\/wp\/v2\/comments?post=8858"}],"version-history":[{"count":35,"href":"https:\/\/zyntern.com\/blog\/wp-json\/wp\/v2\/pages\/8858\/revisions"}],"predecessor-version":[{"id":11384,"href":"https:\/\/zyntern.com\/blog\/wp-json\/wp\/v2\/pages\/8858\/revisions\/11384"}],"wp:featuredmedia":[{"embeddable":true,"href":"https:\/\/zyntern.com\/blog\/wp-json\/wp\/v2\/media\/8883"}],"wp:attachment":[{"href":"https:\/\/zyntern.com\/blog\/wp-json\/wp\/v2\/media?parent=8858"}],"curies":[{"name":"wp","href":"https:\/\/api.w.org\/{rel}","templated":true}]}}